{"id":2100,"date":"2024-10-10T16:55:03","date_gmt":"2024-10-10T16:55:03","guid":{"rendered":"https:\/\/axionalerp.wpenginepowered.com\/?page_id=2100"},"modified":"2025-06-24T19:33:15","modified_gmt":"2025-06-24T19:33:15","slug":"ax-medios-de-comunicacion","status":"publish","type":"page","link":"https:\/\/axional.pe\/en\/ax-medios-de-comunicacion\/","title":{"rendered":"Ax-Medios de comunicaci\u00f3n"},"content":{"rendered":"<style>.elementor-2100 .elementor-element.elementor-element-4b4acde5{--display:flex;--flex-direction:column;--container-widget-width:calc( ( 1 - var( --container-widget-flex-grow ) ) * 100% );--container-widget-height:initial;--container-widget-flex-grow:0;--container-widget-align-self:initial;--flex-wrap-mobile:wrap;--justify-content:center;--align-items:center;--gap:60px 0px;--row-gap:60px;--column-gap:0px;--margin-top:0px;--margin-bottom:0px;--margin-left:0px;--margin-right:0px;--padding-top:280px;--padding-bottom:120px;--padding-left:0px;--padding-right:0px;}.elementor-2100 .elementor-element.elementor-element-4b4acde5:not(.elementor-motion-effects-element-type-background), .elementor-2100 .elementor-element.elementor-element-4b4acde5 > .elementor-motion-effects-container > .elementor-motion-effects-layer{background-color:#FFFFFF;}.elementor-2100 .elementor-element.elementor-element-441a52d7{--display:flex;--flex-direction:row;--container-widget-width:initial;--container-widget-height:100%;--container-widget-flex-grow:1;--container-widget-align-self:stretch;--flex-wrap-mobile:wrap;--gap:0px 40px;--row-gap:0px;--column-gap:40px;--margin-top:0px;--margin-bottom:0px;--margin-left:0px;--margin-right:0px;--padding-top:0px;--padding-bottom:0px;--padding-left:0px;--padding-right:0px;}.elementor-2100 .elementor-element.elementor-element-3356ea50{--display:flex;--gap:0px 0px;--row-gap:0px;--column-gap:0px;--margin-top:0px;--margin-bottom:0px;--margin-left:0px;--margin-right:0px;--padding-top:0px;--padding-bottom:0px;--padding-left:0px;--padding-right:0px;}.elementor-2100 .elementor-element.elementor-element-fdabcae{--display:flex;--gap:0px 0px;--row-gap:0px;--column-gap:0px;--margin-top:0px;--margin-bottom:0px;--margin-left:0px;--margin-right:0px;--padding-top:0px;--padding-bottom:0px;--padding-left:0px;--padding-right:0px;}.elementor-2100 .elementor-element.elementor-element-23ea49c7{--display:flex;--gap:0px 0px;--row-gap:0px;--column-gap:0px;--margin-top:0px;--margin-bottom:0px;--margin-left:0px;--margin-right:0px;--padding-top:0px;--padding-bottom:0px;--padding-left:0px;--padding-right:0px;}.elementor-2100 .elementor-element.elementor-element-73284b55 .elementor-heading-title{font-family:\"ax_inter_light\", Sans-serif;font-size:80px;font-weight:300;line-height:88px;}.elementor-2100 .elementor-element.elementor-element-73284b55 > .elementor-widget-container{padding:0px 0px 030px 0px;}.elementor-2100 .elementor-element.elementor-element-115615b7{--display:flex;--gap:0px 0px;--row-gap:0px;--column-gap:0px;--margin-top:0px;--margin-bottom:0px;--margin-left:0px;--margin-right:0px;--padding-top:0px;--padding-bottom:0px;--padding-left:0px;--padding-right:0px;}.elementor-2100 .elementor-element.elementor-element-16a35064 img{width:100%;}.elementor-2100 .elementor-element.elementor-element-622acc16{--display:flex;--flex-direction:row;--container-widget-width:initial;--container-widget-height:100%;--container-widget-flex-grow:1;--container-widget-align-self:stretch;--flex-wrap-mobile:wrap;--gap:0px 40px;--row-gap:0px;--column-gap:40px;--margin-top:0px;--margin-bottom:0px;--margin-left:0px;--margin-right:0px;--padding-top:0px;--padding-bottom:0px;--padding-left:0px;--padding-right:0px;}.elementor-2100 .elementor-element.elementor-element-65a7b11a{--display:flex;--gap:0px 0px;--row-gap:0px;--column-gap:0px;--margin-top:0px;--margin-bottom:0px;--margin-left:0px;--margin-right:0px;--padding-top:0px;--padding-bottom:0px;--padding-left:0px;--padding-right:0px;}.elementor-2100 .elementor-element.elementor-element-7b5464f5{--display:flex;--min-height:110px;--gap:0px 0px;--row-gap:0px;--column-gap:0px;--margin-top:0px;--margin-bottom:0px;--margin-left:0px;--margin-right:0px;--padding-top:10px;--padding-bottom:0px;--padding-left:0px;--padding-right:0px;}.elementor-2100 .elementor-element.elementor-element-3fe33959 .elementor-heading-title{font-family:\"ax_inter_light\", Sans-serif;font-size:35px;font-weight:300;line-height:38px;}.elementor-2100 .elementor-element.elementor-element-4b471dbe{--display:flex;--gap:0px 0px;--row-gap:0px;--column-gap:0px;--margin-top:0px;--margin-bottom:0px;--margin-left:0px;--margin-right:0px;--padding-top:0px;--padding-bottom:0px;--padding-left:0px;--padding-right:0px;}.elementor-2100 .elementor-element.elementor-element-25a2413b{font-family:\"ax_inter_light\", Sans-serif;font-size:18px;font-weight:300;line-height:26px;}.elementor-2100 .elementor-element.elementor-element-1c64401d{--display:flex;--gap:0px 0px;--row-gap:0px;--column-gap:0px;--margin-top:0px;--margin-bottom:0px;--margin-left:0px;--margin-right:0px;--padding-top:0px;--padding-bottom:0px;--padding-left:0px;--padding-right:0px;}.elementor-2100 .elementor-element.elementor-element-3ec4ea47{--display:flex;--min-height:110px;--gap:0px 0px;--row-gap:0px;--column-gap:0px;--margin-top:0px;--margin-bottom:0px;--margin-left:0px;--margin-right:0px;--padding-top:10px;--padding-bottom:0px;--padding-left:0px;--padding-right:0px;}.elementor-2100 .elementor-element.elementor-element-13d73aee .elementor-heading-title{font-family:\"ax_inter_light\", Sans-serif;font-size:35px;font-weight:300;line-height:38px;}.elementor-2100 .elementor-element.elementor-element-3f4d627e{--display:flex;--gap:0px 0px;--row-gap:0px;--column-gap:0px;--margin-top:0px;--margin-bottom:0px;--margin-left:0px;--margin-right:0px;--padding-top:0px;--padding-bottom:0px;--padding-left:0px;--padding-right:0px;}.elementor-2100 .elementor-element.elementor-element-68cd623c{font-family:\"ax_inter_light\", Sans-serif;font-size:18px;font-weight:300;line-height:26px;}.elementor-2100 .elementor-element.elementor-element-723a0aa9{--display:flex;--gap:0px 0px;--row-gap:0px;--column-gap:0px;--margin-top:0px;--margin-bottom:0px;--margin-left:0px;--margin-right:0px;--padding-top:0px;--padding-bottom:0px;--padding-left:0px;--padding-right:0px;}.elementor-2100 .elementor-element.elementor-element-7fd906f9{--display:flex;--min-height:110px;--gap:0px 0px;--row-gap:0px;--column-gap:0px;--margin-top:0px;--margin-bottom:0px;--margin-left:0px;--margin-right:0px;--padding-top:10px;--padding-bottom:0px;--padding-left:0px;--padding-right:0px;}.elementor-2100 .elementor-element.elementor-element-493bb02 .elementor-heading-title{font-family:\"ax_inter_light\", Sans-serif;font-size:35px;font-weight:300;line-height:38px;}.elementor-2100 .elementor-element.elementor-element-17d85b74{--display:flex;--gap:0px 0px;--row-gap:0px;--column-gap:0px;--margin-top:0px;--margin-bottom:0px;--margin-left:0px;--margin-right:0px;--padding-top:0px;--padding-bottom:0px;--padding-left:0px;--padding-right:0px;}.elementor-2100 .elementor-element.elementor-element-5be39a73{font-family:\"ax_inter_light\", Sans-serif;font-size:18px;font-weight:300;line-height:26px;}.elementor-2100 .elementor-element.elementor-element-31e1905c{--display:flex;--flex-direction:row;--container-widget-width:initial;--container-widget-height:100%;--container-widget-flex-grow:1;--container-widget-align-self:stretch;--flex-wrap-mobile:wrap;--gap:0px 40px;--row-gap:0px;--column-gap:40px;--margin-top:0px;--margin-bottom:0px;--margin-left:0px;--margin-right:0px;--padding-top:0px;--padding-bottom:0px;--padding-left:0px;--padding-right:0px;}.elementor-2100 .elementor-element.elementor-element-25d2db62{--display:flex;--gap:0px 0px;--row-gap:0px;--column-gap:0px;--margin-top:0px;--margin-bottom:0px;--margin-left:0px;--margin-right:0px;--padding-top:0px;--padding-bottom:0px;--padding-left:0px;--padding-right:0px;}.elementor-2100 .elementor-element.elementor-element-311cbd03{--display:flex;--min-height:110px;--gap:0px 0px;--row-gap:0px;--column-gap:0px;--margin-top:0px;--margin-bottom:0px;--margin-left:0px;--margin-right:0px;--padding-top:10px;--padding-bottom:0px;--padding-left:0px;--padding-right:0px;}.elementor-2100 .elementor-element.elementor-element-44091ee .elementor-heading-title{font-family:\"ax_inter_light\", Sans-serif;font-size:35px;font-weight:300;line-height:38px;}.elementor-2100 .elementor-element.elementor-element-5d608eef{--display:flex;--gap:0px 0px;--row-gap:0px;--column-gap:0px;--margin-top:0px;--margin-bottom:0px;--margin-left:0px;--margin-right:0px;--padding-top:0px;--padding-bottom:0px;--padding-left:0px;--padding-right:0px;}.elementor-2100 .elementor-element.elementor-element-5255575b{font-family:\"ax_inter_light\", Sans-serif;font-size:18px;font-weight:300;line-height:26px;}.elementor-2100 .elementor-element.elementor-element-547d4d72{--display:flex;--gap:0px 0px;--row-gap:0px;--column-gap:0px;--margin-top:0px;--margin-bottom:0px;--margin-left:0px;--margin-right:0px;--padding-top:0px;--padding-bottom:0px;--padding-left:0px;--padding-right:0px;}.elementor-2100 .elementor-element.elementor-element-2103f08f{--display:flex;--min-height:110px;--gap:0px 0px;--row-gap:0px;--column-gap:0px;--margin-top:0px;--margin-bottom:0px;--margin-left:0px;--margin-right:0px;--padding-top:10px;--padding-bottom:0px;--padding-left:0px;--padding-right:0px;}.elementor-2100 .elementor-element.elementor-element-47643c22 .elementor-heading-title{font-family:\"ax_inter_light\", Sans-serif;font-size:35px;font-weight:300;line-height:38px;}.elementor-2100 .elementor-element.elementor-element-2186006d{--display:flex;--gap:0px 0px;--row-gap:0px;--column-gap:0px;--margin-top:0px;--margin-bottom:0px;--margin-left:0px;--margin-right:0px;--padding-top:0px;--padding-bottom:0px;--padding-left:0px;--padding-right:0px;}.elementor-2100 .elementor-element.elementor-element-5ce50d4a{font-family:\"ax_inter_light\", Sans-serif;font-size:18px;font-weight:300;line-height:26px;}.elementor-2100 .elementor-element.elementor-element-7a9636fb{--display:flex;--gap:0px 0px;--row-gap:0px;--column-gap:0px;--margin-top:0px;--margin-bottom:0px;--margin-left:0px;--margin-right:0px;--padding-top:0px;--padding-bottom:0px;--padding-left:0px;--padding-right:0px;}.elementor-2100 .elementor-element.elementor-element-62adad77{--display:flex;--min-height:110px;--gap:0px 0px;--row-gap:0px;--column-gap:0px;--margin-top:0px;--margin-bottom:0px;--margin-left:0px;--margin-right:0px;--padding-top:10px;--padding-bottom:0px;--padding-left:0px;--padding-right:0px;}.elementor-2100 .elementor-element.elementor-element-31dc402e .elementor-heading-title{font-family:\"ax_inter_light\", Sans-serif;font-size:35px;font-weight:300;line-height:38px;}.elementor-2100 .elementor-element.elementor-element-19f4e386{--display:flex;--gap:0px 0px;--row-gap:0px;--column-gap:0px;--margin-top:0px;--margin-bottom:0px;--margin-left:0px;--margin-right:0px;--padding-top:0px;--padding-bottom:0px;--padding-left:0px;--padding-right:0px;}.elementor-2100 .elementor-element.elementor-element-4df878cc{font-family:\"ax_inter_light\", Sans-serif;font-size:18px;font-weight:300;line-height:26px;}@media(max-width:767px){.elementor-2100 .elementor-element.elementor-element-23ea49c7{--margin-top:-122px;--margin-bottom:0px;--margin-left:0px;--margin-right:0px;--padding-top:0px;--padding-bottom:0px;--padding-left:0px;--padding-right:0px;}.elementor-2100 .elementor-element.elementor-element-73284b55 .elementor-heading-title{font-size:48px;line-height:1.2em;}.elementor-2100 .elementor-element.elementor-element-73284b55 > .elementor-widget-container{padding:0px 20px 30px 20px;}.elementor-2100 .elementor-element.elementor-element-7b5464f5{--padding-top:0px;--padding-bottom:0px;--padding-left:20px;--padding-right:20px;}.elementor-2100 .elementor-element.elementor-element-4b471dbe{--padding-top:0px;--padding-bottom:0px;--padding-left:20px;--padding-right:20px;}.elementor-2100 .elementor-element.elementor-element-3ec4ea47{--padding-top:0px;--padding-bottom:0px;--padding-left:20px;--padding-right:20px;}.elementor-2100 .elementor-element.elementor-element-3f4d627e{--padding-top:0px;--padding-bottom:0px;--padding-left:20px;--padding-right:20px;}.elementor-2100 .elementor-element.elementor-element-7fd906f9{--margin-top:5px;--margin-bottom:0px;--margin-left:0px;--margin-right:0px;--padding-top:20px;--padding-bottom:0px;--padding-left:20px;--padding-right:20px;}.elementor-2100 .elementor-element.elementor-element-17d85b74{--padding-top:0px;--padding-bottom:0px;--padding-left:20px;--padding-right:20px;}.elementor-2100 .elementor-element.elementor-element-311cbd03{--margin-top:-29px;--margin-bottom:0px;--margin-left:0px;--margin-right:0px;--padding-top:0px;--padding-bottom:0px;--padding-left:20px;--padding-right:20px;}.elementor-2100 .elementor-element.elementor-element-5d608eef{--padding-top:0px;--padding-bottom:0px;--padding-left:20px;--padding-right:20px;}.elementor-2100 .elementor-element.elementor-element-2103f08f{--padding-top:20px;--padding-bottom:20px;--padding-left:20px;--padding-right:20px;}.elementor-2100 .elementor-element.elementor-element-2186006d{--padding-top:0px;--padding-bottom:0px;--padding-left:20px;--padding-right:20px;}.elementor-2100 .elementor-element.elementor-element-62adad77{--padding-top:20px;--padding-bottom:20px;--padding-left:20px;--padding-right:20px;}.elementor-2100 .elementor-element.elementor-element-19f4e386{--padding-top:0px;--padding-bottom:0px;--padding-left:20px;--padding-right:20px;}}@media(min-width:768px){.elementor-2100 .elementor-element.elementor-element-4b4acde5{--content-width:100%;}}<\/style>\t\t<div data-elementor-type=\"wp-page\" data-elementor-id=\"2100\" class=\"elementor elementor-2100\" data-elementor-post-type=\"page\">\n\t\t\t\t<div class=\"elementor-element elementor-element-4b4acde5 e-flex e-con-boxed e-con e-parent\" data-id=\"4b4acde5\" data-element_type=\"container\" data-e-type=\"container\" data-settings=\"{&quot;background_background&quot;:&quot;classic&quot;}\">\n\t\t\t\t\t<div class=\"e-con-inner\">\n\t\t<div class=\"elementor-element elementor-element-441a52d7 e-con-full container_width_all e-flex e-con e-child\" data-id=\"441a52d7\" data-element_type=\"container\" data-e-type=\"container\">\n\t\t<div class=\"elementor-element elementor-element-3356ea50 e-con-full e-flex e-con e-child\" data-id=\"3356ea50\" data-element_type=\"container\" data-e-type=\"container\">\n\t\t<div class=\"elementor-element elementor-element-fdabcae e-con-full e-flex e-con e-child\" data-id=\"fdabcae\" data-element_type=\"container\" data-e-type=\"container\">\n\t\t<div class=\"elementor-element elementor-element-23ea49c7 e-con-full e-flex e-con e-child\" data-id=\"23ea49c7\" data-element_type=\"container\" data-e-type=\"container\">\n\t\t\t\t<div class=\"elementor-element elementor-element-73284b55 elementor-widget elementor-widget-heading\" data-id=\"73284b55\" data-element_type=\"widget\" data-e-type=\"widget\" data-widget_type=\"heading.default\">\n\t\t\t\t<div class=\"elementor-widget-container\">\n\t\t\t\t\t<h1 class=\"elementor-heading-title elementor-size-default translation-block\">Media<br>communication<\/h1>\t\t\t\t<\/div>\n\t\t\t\t<\/div>\n\t\t<div class=\"elementor-element elementor-element-115615b7 e-con-full e-flex e-con e-child\" data-id=\"115615b7\" data-element_type=\"container\" data-e-type=\"container\">\n\t\t\t\t<div class=\"elementor-element elementor-element-16a35064 elementor-widget elementor-widget-image\" data-id=\"16a35064\" data-element_type=\"widget\" data-e-type=\"widget\" data-widget_type=\"image.default\">\n\t\t\t\t<div class=\"elementor-widget-container\">\n\t\t\t\t\t\t\t\t\t\t\t\t\t\t\t<img fetchpriority=\"high\" decoding=\"async\" width=\"1050\" height=\"552\" src=\"https:\/\/axional.pe\/wp-content\/uploads\/2024\/10\/Mask-group-13.jpg\" class=\"attachment-1536x1536 size-1536x1536 wp-image-2227\" alt=\"Torre de radio\" srcset=\"https:\/\/axional.pe\/wp-content\/uploads\/2024\/10\/Mask-group-13.jpg 1050w, https:\/\/axional.pe\/wp-content\/uploads\/2024\/10\/Mask-group-13-300x158.jpg 300w, https:\/\/axional.pe\/wp-content\/uploads\/2024\/10\/Mask-group-13-1024x538.jpg 1024w, https:\/\/axional.pe\/wp-content\/uploads\/2024\/10\/Mask-group-13-768x404.jpg 768w\" sizes=\"(max-width: 1050px) 100vw, 1050px\" \/>\t\t\t\t\t\t\t\t\t\t\t\t\t\t\t<\/div>\n\t\t\t\t<\/div>\n\t\t\t\t<\/div>\n\t\t\t\t<\/div>\n\t\t\t\t<\/div>\n\t\t\t\t<\/div>\n\t\t\t\t<\/div>\n\t\t<div class=\"elementor-element elementor-element-622acc16 e-con-full container_width_all e-flex e-con e-child\" data-id=\"622acc16\" data-element_type=\"container\" data-e-type=\"container\">\n\t\t<div class=\"elementor-element elementor-element-65a7b11a e-con-full e-flex e-con e-child\" data-id=\"65a7b11a\" data-element_type=\"container\" data-e-type=\"container\">\n\t\t<div class=\"elementor-element elementor-element-7b5464f5 e-con-full e-flex e-con e-child\" data-id=\"7b5464f5\" data-element_type=\"container\" data-e-type=\"container\">\n\t\t\t\t<div class=\"elementor-element elementor-element-3fe33959 elementor-widget elementor-widget-heading\" data-id=\"3fe33959\" data-element_type=\"widget\" data-e-type=\"widget\" data-widget_type=\"heading.default\">\n\t\t\t\t<div class=\"elementor-widget-container\">\n\t\t\t\t\t<h2 class=\"elementor-heading-title elementor-size-default translation-block\">Rapid<br>Changes<\/h2>\t\t\t\t<\/div>\n\t\t\t\t<\/div>\n\t\t\t\t<\/div>\n\t\t<div class=\"elementor-element elementor-element-4b471dbe e-con-full e-flex e-con e-child\" data-id=\"4b471dbe\" data-element_type=\"container\" data-e-type=\"container\">\n\t\t\t\t<div class=\"elementor-element elementor-element-25a2413b elementor-widget elementor-widget-text-editor\" data-id=\"25a2413b\" data-element_type=\"widget\" data-e-type=\"widget\" data-widget_type=\"text-editor.default\">\n\t\t\t\t<div class=\"elementor-widget-container\">\n\t\t\t\t\t\t\t\t\t<p>Entertainment and communication companies face constant changes in content and digital platforms.<\/p><p>\u00a0<\/p>\t\t\t\t\t\t\t\t<\/div>\n\t\t\t\t<\/div>\n\t\t\t\t<\/div>\n\t\t\t\t<\/div>\n\t\t<div class=\"elementor-element elementor-element-1c64401d e-con-full e-flex e-con e-child\" data-id=\"1c64401d\" data-element_type=\"container\" data-e-type=\"container\">\n\t\t<div class=\"elementor-element elementor-element-3ec4ea47 e-con-full e-flex e-con e-child\" data-id=\"3ec4ea47\" data-element_type=\"container\" data-e-type=\"container\">\n\t\t\t\t<div class=\"elementor-element elementor-element-13d73aee elementor-widget elementor-widget-heading\" data-id=\"13d73aee\" data-element_type=\"widget\" data-e-type=\"widget\" data-widget_type=\"heading.default\">\n\t\t\t\t<div class=\"elementor-widget-container\">\n\t\t\t\t\t<h2 class=\"elementor-heading-title elementor-size-default translation-block\">New<br>Challenges<\/h2>\t\t\t\t<\/div>\n\t\t\t\t<\/div>\n\t\t\t\t<\/div>\n\t\t<div class=\"elementor-element elementor-element-3f4d627e e-con-full e-flex e-con e-child\" data-id=\"3f4d627e\" data-element_type=\"container\" data-e-type=\"container\">\n\t\t\t\t<div class=\"elementor-element elementor-element-68cd623c elementor-widget elementor-widget-text-editor\" data-id=\"68cd623c\" data-element_type=\"widget\" data-e-type=\"widget\" data-widget_type=\"text-editor.default\">\n\t\t\t\t<div class=\"elementor-widget-container\">\n\t\t\t\t\t\t\t\t\t<p>Due to the reduction in advertising revenue, the industry must adapt to the demand for HD content on multiple devices.<\/p>\t\t\t\t\t\t\t\t<\/div>\n\t\t\t\t<\/div>\n\t\t\t\t<\/div>\n\t\t\t\t<\/div>\n\t\t<div class=\"elementor-element elementor-element-723a0aa9 e-con-full e-flex e-con e-child\" data-id=\"723a0aa9\" data-element_type=\"container\" data-e-type=\"container\">\n\t\t<div class=\"elementor-element elementor-element-7fd906f9 e-con-full e-flex e-con e-child\" data-id=\"7fd906f9\" data-element_type=\"container\" data-e-type=\"container\">\n\t\t\t\t<div class=\"elementor-element elementor-element-493bb02 elementor-widget elementor-widget-heading\" data-id=\"493bb02\" data-element_type=\"widget\" data-e-type=\"widget\" data-widget_type=\"heading.default\">\n\t\t\t\t<div class=\"elementor-widget-container\">\n\t\t\t\t\t<h2 class=\"elementor-heading-title elementor-size-default translation-block\">Emerging<br>Opportunities<\/h2>\t\t\t\t<\/div>\n\t\t\t\t<\/div>\n\t\t\t\t<\/div>\n\t\t<div class=\"elementor-element elementor-element-17d85b74 e-con-full e-flex e-con e-child\" data-id=\"17d85b74\" data-element_type=\"container\" data-e-type=\"container\">\n\t\t\t\t<div class=\"elementor-element elementor-element-5be39a73 elementor-widget elementor-widget-text-editor\" data-id=\"5be39a73\" data-element_type=\"widget\" data-e-type=\"widget\" data-widget_type=\"text-editor.default\">\n\t\t\t\t<div class=\"elementor-widget-container\">\n\t\t\t\t\t\t\t\t\t<p>New opportunities arise to offer content and revenue through different segments, such as television and mobile devices.<\/p>\t\t\t\t\t\t\t\t<\/div>\n\t\t\t\t<\/div>\n\t\t\t\t<\/div>\n\t\t\t\t<\/div>\n\t\t\t\t<\/div>\n\t\t<div class=\"elementor-element elementor-element-31e1905c e-con-full container_width_all e-flex e-con e-child\" data-id=\"31e1905c\" data-element_type=\"container\" data-e-type=\"container\">\n\t\t<div class=\"elementor-element elementor-element-25d2db62 e-con-full e-flex e-con e-child\" data-id=\"25d2db62\" data-element_type=\"container\" data-e-type=\"container\">\n\t\t<div class=\"elementor-element elementor-element-311cbd03 e-con-full e-flex e-con e-child\" data-id=\"311cbd03\" data-element_type=\"container\" data-e-type=\"container\">\n\t\t\t\t<div class=\"elementor-element elementor-element-44091ee elementor-widget elementor-widget-heading\" data-id=\"44091ee\" data-element_type=\"widget\" data-e-type=\"widget\" data-widget_type=\"heading.default\">\n\t\t\t\t<div class=\"elementor-widget-container\">\n\t\t\t\t\t<h2 class=\"elementor-heading-title elementor-size-default translation-block\">Operational<br>Efficiency<\/h2>\t\t\t\t<\/div>\n\t\t\t\t<\/div>\n\t\t\t\t<\/div>\n\t\t<div class=\"elementor-element elementor-element-5d608eef e-con-full e-flex e-con e-child\" data-id=\"5d608eef\" data-element_type=\"container\" data-e-type=\"container\">\n\t\t\t\t<div class=\"elementor-element elementor-element-5255575b elementor-widget elementor-widget-text-editor\" data-id=\"5255575b\" data-element_type=\"widget\" data-e-type=\"widget\" data-widget_type=\"text-editor.default\">\n\t\t\t\t<div class=\"elementor-widget-container\">\n\t\t\t\t\t\t\t\t\t<p>Deister\u2019s solutions help companies operate more efficiently, reducing costs and improving margins.<\/p>\t\t\t\t\t\t\t\t<\/div>\n\t\t\t\t<\/div>\n\t\t\t\t<\/div>\n\t\t\t\t<\/div>\n\t\t<div class=\"elementor-element elementor-element-547d4d72 e-con-full e-flex e-con e-child\" data-id=\"547d4d72\" data-element_type=\"container\" data-e-type=\"container\">\n\t\t<div class=\"elementor-element elementor-element-2103f08f e-con-full e-flex e-con e-child\" data-id=\"2103f08f\" data-element_type=\"container\" data-e-type=\"container\">\n\t\t\t\t<div class=\"elementor-element elementor-element-47643c22 elementor-widget elementor-widget-heading\" data-id=\"47643c22\" data-element_type=\"widget\" data-e-type=\"widget\" data-widget_type=\"heading.default\">\n\t\t\t\t<div class=\"elementor-widget-container\">\n\t\t\t\t\t<h2 class=\"elementor-heading-title elementor-size-default translation-block\">Business<br>Intelligence<\/h2>\t\t\t\t<\/div>\n\t\t\t\t<\/div>\n\t\t\t\t<\/div>\n\t\t<div class=\"elementor-element elementor-element-2186006d e-con-full e-flex e-con e-child\" data-id=\"2186006d\" data-element_type=\"container\" data-e-type=\"container\">\n\t\t\t\t<div class=\"elementor-element elementor-element-5ce50d4a elementor-widget elementor-widget-text-editor\" data-id=\"5ce50d4a\" data-element_type=\"widget\" data-e-type=\"widget\" data-widget_type=\"text-editor.default\">\n\t\t\t\t<div class=\"elementor-widget-container\">\n\t\t\t\t\t\t\t\t\t<p>Our Business Intelligence solutions enhance analytical capabilities and enable real-time monitoring.<\/p>\t\t\t\t\t\t\t\t<\/div>\n\t\t\t\t<\/div>\n\t\t\t\t<\/div>\n\t\t\t\t<\/div>\n\t\t<div class=\"elementor-element elementor-element-7a9636fb e-con-full e-flex e-con e-child\" data-id=\"7a9636fb\" data-element_type=\"container\" data-e-type=\"container\">\n\t\t<div class=\"elementor-element elementor-element-62adad77 e-con-full e-flex e-con e-child\" data-id=\"62adad77\" data-element_type=\"container\" data-e-type=\"container\">\n\t\t\t\t<div class=\"elementor-element elementor-element-31dc402e elementor-widget elementor-widget-heading\" data-id=\"31dc402e\" data-element_type=\"widget\" data-e-type=\"widget\" data-widget_type=\"heading.default\">\n\t\t\t\t<div class=\"elementor-widget-container\">\n\t\t\t\t\t<h2 class=\"elementor-heading-title elementor-size-default translation-block\">Agility in<br>the Market<\/h2>\t\t\t\t<\/div>\n\t\t\t\t<\/div>\n\t\t\t\t<\/div>\n\t\t<div class=\"elementor-element elementor-element-19f4e386 e-con-full e-flex e-con e-child\" data-id=\"19f4e386\" data-element_type=\"container\" data-e-type=\"container\">\n\t\t\t\t<div class=\"elementor-element elementor-element-4df878cc elementor-widget elementor-widget-text-editor\" data-id=\"4df878cc\" data-element_type=\"widget\" data-e-type=\"widget\" data-widget_type=\"text-editor.default\">\n\t\t\t\t<div class=\"elementor-widget-container\">\n\t\t\t\t\t\t\t\t\t<p>We help companies increase their agility in the market by optimizing their financial decision-making.<\/p>\t\t\t\t\t\t\t\t<\/div>\n\t\t\t\t<\/div>\n\t\t\t\t<\/div>\n\t\t\t\t<\/div>\n\t\t\t\t<\/div>\n\t\t\t\t\t<\/div>\n\t\t\t\t<\/div>\n\t\t\t\t<\/div>","protected":false},"excerpt":{"rendered":"<p>Medios de comunicaci\u00f3n Cambios r\u00e1pidos Las empresas de entretenimiento y comunicaci\u00f3n enfrentan cambios constantes en contenidos y plataformas digitales. \u00a0 Nuevos retos Debido a la reducci\u00f3n de ingresos publicitarios, la industria debe adaptarse a la demanda de contenido HD en m\u00faltiples dispositivos. Oportunidades emergentes Se presentan nuevas oportunidades para ofrecer contenidos e ingresos a trav\u00e9s [&hellip;]<\/p>\n","protected":false},"author":4,"featured_media":0,"parent":0,"menu_order":0,"comment_status":"closed","ping_status":"closed","template":"","meta":{"footnotes":""},"class_list":["post-2100","page","type-page","status-publish","hentry"],"_links":{"self":[{"href":"https:\/\/axional.pe\/en\/wp-json\/wp\/v2\/pages\/2100","targetHints":{"allow":["GET"]}}],"collection":[{"href":"https:\/\/axional.pe\/en\/wp-json\/wp\/v2\/pages"}],"about":[{"href":"https:\/\/axional.pe\/en\/wp-json\/wp\/v2\/types\/page"}],"author":[{"embeddable":true,"href":"https:\/\/axional.pe\/en\/wp-json\/wp\/v2\/users\/4"}],"replies":[{"embeddable":true,"href":"https:\/\/axional.pe\/en\/wp-json\/wp\/v2\/comments?post=2100"}],"version-history":[{"count":0,"href":"https:\/\/axional.pe\/en\/wp-json\/wp\/v2\/pages\/2100\/revisions"}],"wp:attachment":[{"href":"https:\/\/axional.pe\/en\/wp-json\/wp\/v2\/media?parent=2100"}],"curies":[{"name":"wp","href":"https:\/\/api.w.org\/{rel}","templated":true}]}}